{"id":3544,"date":"2024-04-10T08:28:18","date_gmt":"2024-04-10T06:28:18","guid":{"rendered":"https:\/\/www.christmascitiesnetwork.org\/?page_id=3544"},"modified":"2024-07-09T13:02:34","modified_gmt":"2024-07-09T11:02:34","slug":"declaracion-de-accesibilidad","status":"publish","type":"page","link":"https:\/\/www.christmascitiesnetwork.org\/es\/declaracion-de-accesibilidad\/","title":{"rendered":"Declaraci\u00f3n de accesibilidad"},"content":{"rendered":"\t\t<div data-elementor-type=\"wp-page\" data-elementor-id=\"3544\" class=\"elementor elementor-3544 elementor-3024\" data-elementor-post-type=\"page\">\n\t\t\t\t<div class=\"elementor-element elementor-element-6e13373d e-flex e-con-boxed e-con e-parent\" data-id=\"6e13373d\" data-element_type=\"container\">\n\t\t\t\t\t<div class=\"e-con-inner\">\n\t\t\t\t<div class=\"elementor-element elementor-element-7482ce88 declaracion elementor-widget elementor-widget-text-editor\" data-id=\"7482ce88\" data-element_type=\"widget\" data-widget_type=\"text-editor.default\">\n\t\t\t\t<div class=\"elementor-widget-container\">\n\t\t\t<style>\/*! elementor - v3.23.0 - 25-07-2024 *\/\n.elementor-widget-text-editor.elementor-drop-cap-view-stacked .elementor-drop-cap{background-color:#69727d;color:#fff}.elementor-widget-text-editor.elementor-drop-cap-view-framed .elementor-drop-cap{color:#69727d;border:3px solid;background-color:transparent}.elementor-widget-text-editor:not(.elementor-drop-cap-view-default) .elementor-drop-cap{margin-top:8px}.elementor-widget-text-editor:not(.elementor-drop-cap-view-default) .elementor-drop-cap-letter{width:1em;height:1em}.elementor-widget-text-editor .elementor-drop-cap{float:left;text-align:center;line-height:1;font-size:50px}.elementor-widget-text-editor .elementor-drop-cap-letter{display:inline-block}<\/style>\t\t\t\t<p>Vbilc.com se ha comprometido a hacer accesible su sitio web, de conformidad con el Real decreto 1112\/2018, de 7 de septiembre, sobre accesibilidad de los sitios web y aplicaciones para dispositivos m\u00f3viles del sector p\u00fablico (en adelante, Real decreto 1112\/2018, de 7 de septiembre).<\/p><p>Esta declaraci\u00f3n de accesibilidad se aplica a vbilc.com<\/p><h2 class=\"wp-block-heading\">Situaci\u00f3n de cumplimiento<\/h2><p>Este sitio web es parcialmente conforme con el Real decreto 1112\/2018, de 7 de septiembre, a causa de las excepciones y la falta de conformidad de los aspectos que se indican a continuaci\u00f3n.<\/p><h2 class=\"wp-block-heading\">Contenido no accesible<\/h2><p>El contenido que se recoge a continuaci\u00f3n no es accesible por los siguientes motivos:<\/p><p>Carece de conformidad con el Real decreto 1112\/2018, de 7 de septiembre: Podr\u00edan existir varios errores de edici\u00f3n en alguna p\u00e1gina web, tanto en contenidos HTML como en documentos finales, publicados con fecha posterior al 20 de septiembre de 2018.<\/p><p>Carga desproporcionada: no aplica.<\/p><p>El contenido no entra dentro del \u00e1mbito de la legislaci\u00f3n aplicable: podr\u00edan existir archivos ofim\u00e1ticos en PDF u otros formatos publicados antes del 20 de septiembre de 2018 que no cumplan en su totalidad los requisitos de accesibilidad.<\/p><h2 class=\"wp-block-heading\">Observaciones y datos de contacto<\/h2><h3 class=\"wp-block-heading\">Comunicaciones<\/h3><p>Se pueden realizar comunicaciones sobre requisitos de accesibilidad (art\u00edculo 10.2.a del Real decreto 112\/2018, de 7 de septiembre) a trav\u00e9s del siguiente buz\u00f3n de contacto.<\/p><p>Por ejemplo:<\/p><ul><li>Informar sobre cualquier posible incumplimiento por parte de este sitio web.<\/li><li>Transmitir otras dificultades de acceso al contenido.<\/li><li>Formular cualquier otra consulta o sugerencia de mejora relativa a la accesibilidad del sitio web.<\/li><\/ul><p>Las comunicaciones ser\u00e1n recibidas y trasladadas por la Direcci\u00f3n General de Servicios Digitales y Experiencia Ciudadana, del Departamento de la Vicepresidencia y Pol\u00edticas Digitales y Territorio, como Unidad Responsable de Accesibilidad Web en el \u00e1mbito auton\u00f3mico.<\/p><h3 class=\"wp-block-heading\">Solicitudes de informaci\u00f3n accesible y quejas<\/h3><p>Para hacer solicitudes de informaci\u00f3n accesible y quejas (art\u00edculo 12 del Real decreto 1112\/2017, de 7 de septiembre) hay que acceder al \u201cContenidos accesibles en la web\u201d y seguir la modalidad \u201cSolicitar informaci\u00f3n accesible o hacer una queja\u201d.<\/p><p>Cualquier persona f\u00edsica o jur\u00eddica puede formular quejas relativas al cumplimiento de los requisitos del Real decreto 1112\/2018, de 7 de septiembre, y solicitar informaci\u00f3n relativa a contenidos que est\u00e9n excluidos del \u00e1mbito de aplicaci\u00f3n de esta normativa.<\/p><p>Las solicitudes y quejas que se registran conforme a los requisitos establecidos por la Ley 39\/2015 de 1 de octubre, del procedimiento administrativo com\u00fan de las administraciones p\u00fablicas.<\/p><h3 class=\"wp-block-heading\">Procedimiento de aplicaci\u00f3n<\/h3><p>El procedimiento de aplicaci\u00f3n recogido en el art\u00edculo 13 del Real decreto 1112\/2018, de 7 de septiembre, se puede iniciar en el tr\u00e1mite \u201cContenidos accesibles en la web\u201d a trav\u00e9s de la modalidad \u201cReclamar una solicitud\u201d.<\/p><p>Si una vez realizada una solicitud de informaci\u00f3n accesible o queja \u00e9sta ha sido desestimada, no est\u00e1s de acuerdo con la decisi\u00f3n adoptada o la respuesta no cumple con los requisitos del art\u00edculo 15.2 del Real decreto 1112\/2018, de 7 de septiembre, puedes iniciar una reclamaci\u00f3n por:<\/p><ul><li>Conocer y oponerte a los motivos de la desestimaci\u00f3n.<\/li><li>Instar a la adopci\u00f3n de las medidas oportunas en caso de no estar de acuerdo con la decisi\u00f3n adoptada.<\/li><li>Exponer las razones por las cuales consideras que la respuesta no cumple con los requisitos exigidos.<\/li><\/ul>\t\t\t\t\t\t<\/div>\n\t\t\t\t<\/div>\n\t\t\t\t\t<\/div>\n\t\t\t\t<\/div>\n\t\t<div class=\"elementor-element elementor-element-9b11d19 e-flex e-con-boxed e-con e-parent\" data-id=\"9b11d19\" data-element_type=\"container\">\n\t\t\t\t\t<div class=\"e-con-inner\">\n\t\t\t\t<div class=\"elementor-element elementor-element-43f4c79 elementor-widget elementor-widget-spacer\" data-id=\"43f4c79\" data-element_type=\"widget\" data-widget_type=\"spacer.default\">\n\t\t\t\t<div class=\"elementor-widget-container\">\n\t\t\t<style>\/*! elementor - v3.23.0 - 25-07-2024 *\/\n.elementor-column .elementor-spacer-inner{height:var(--spacer-size)}.e-con{--container-widget-width:100%}.e-con-inner>.elementor-widget-spacer,.e-con>.elementor-widget-spacer{width:var(--container-widget-width,var(--spacer-size));--align-self:var(--container-widget-align-self,initial);--flex-shrink:0}.e-con-inner>.elementor-widget-spacer>.elementor-widget-container,.e-con>.elementor-widget-spacer>.elementor-widget-container{height:100%;width:100%}.e-con-inner>.elementor-widget-spacer>.elementor-widget-container>.elementor-spacer,.e-con>.elementor-widget-spacer>.elementor-widget-container>.elementor-spacer{height:100%}.e-con-inner>.elementor-widget-spacer>.elementor-widget-container>.elementor-spacer>.elementor-spacer-inner,.e-con>.elementor-widget-spacer>.elementor-widget-container>.elementor-spacer>.elementor-spacer-inner{height:var(--container-widget-height,var(--spacer-size))}.e-con-inner>.elementor-widget-spacer.elementor-widget-empty,.e-con>.elementor-widget-spacer.elementor-widget-empty{position:relative;min-height:22px;min-width:22px}.e-con-inner>.elementor-widget-spacer.elementor-widget-empty .elementor-widget-empty-icon,.e-con>.elementor-widget-spacer.elementor-widget-empty .elementor-widget-empty-icon{position:absolute;top:0;bottom:0;left:0;right:0;margin:auto;padding:0;width:22px;height:22px}<\/style>\t\t<div class=\"elementor-spacer\">\n\t\t\t<div class=\"elementor-spacer-inner\"><\/div>\n\t\t<\/div>\n\t\t\t\t<\/div>\n\t\t\t\t<\/div>\n\t\t\t\t\t<\/div>\n\t\t\t\t<\/div>\n\t\t\t\t<\/div>\n\t\t","protected":false},"excerpt":{"rendered":"<p>Vbilc.com se ha comprometido a hacer accesible su sitio web, de conformidad con el Real decreto 1112\/2018, de 7 de septiembre, sobre accesibilidad de los sitios web y aplicaciones para dispositivos m\u00f3viles del sector p\u00fablico (en adelante, Real decreto 1112\/2018, de 7 de septiembre). Esta declaraci\u00f3n de accesibilidad se aplica&#8230;<\/p>\n","protected":false},"author":1,"featured_media":2894,"parent":0,"menu_order":0,"comment_status":"closed","ping_status":"closed","template":"","meta":{"footnotes":""},"class_list":["post-3544","page","type-page","status-publish","has-post-thumbnail","hentry"],"acf":[],"yoast_head":"<!-- This site is optimized with the Yoast SEO plugin v23.1 - https:\/\/yoast.com\/wordpress\/plugins\/seo\/ -->\n<title>Declaraci\u00f3n de accesibilidad -<\/title>\n<meta name=\"robots\" content=\"index, follow, max-snippet:-1, max-image-preview:large, max-video-preview:-1\" \/>\n<link rel=\"canonical\" href=\"https:\/\/www.christmascitiesnetwork.org\/es\/declaracion-de-accesibilidad\/\" \/>\n<meta property=\"og:locale\" content=\"es_ES\" \/>\n<meta property=\"og:type\" content=\"article\" \/>\n<meta property=\"og:title\" content=\"Declaraci\u00f3n de accesibilidad -\" \/>\n<meta property=\"og:description\" content=\"Vbilc.com se ha comprometido a hacer accesible su sitio web, de conformidad con el Real decreto 1112\/2018, de 7 de septiembre, sobre accesibilidad de los sitios web y aplicaciones para dispositivos m\u00f3viles del sector p\u00fablico (en adelante, Real decreto 1112\/2018, de 7 de septiembre). Esta declaraci\u00f3n de accesibilidad se aplica...\" \/>\n<meta property=\"og:url\" content=\"https:\/\/www.christmascitiesnetwork.org\/es\/declaracion-de-accesibilidad\/\" \/>\n<meta property=\"article:publisher\" content=\"https:\/\/www.facebook.com\/vbilclegal\" \/>\n<meta property=\"article:modified_time\" content=\"2024-07-09T11:02:34+00:00\" \/>\n<meta property=\"og:image\" content=\"https:\/\/www.christmascitiesnetwork.org\/wp-content\/uploads\/2024\/03\/v-cabecera-quienes-somos.jpg\" \/>\n\t<meta property=\"og:image:width\" content=\"1920\" \/>\n\t<meta property=\"og:image:height\" content=\"600\" \/>\n\t<meta property=\"og:image:type\" content=\"image\/jpeg\" \/>\n<meta name=\"twitter:card\" content=\"summary_large_image\" \/>\n<meta name=\"twitter:site\" content=\"@vbilclegal\" \/>\n<meta name=\"twitter:label1\" content=\"Tiempo de lectura\" \/>\n\t<meta name=\"twitter:data1\" content=\"3 minutos\" \/>\n<script type=\"application\/ld+json\" class=\"yoast-schema-graph\">{\"@context\":\"https:\/\/schema.org\",\"@graph\":[{\"@type\":\"WebPage\",\"@id\":\"https:\/\/www.christmascitiesnetwork.org\/es\/declaracion-de-accesibilidad\/\",\"url\":\"https:\/\/www.christmascitiesnetwork.org\/es\/declaracion-de-accesibilidad\/\",\"name\":\"Declaraci\u00f3n de accesibilidad -\",\"isPartOf\":{\"@id\":\"https:\/\/www.christmascitiesnetwork.org\/es\/#website\"},\"primaryImageOfPage\":{\"@id\":\"https:\/\/www.christmascitiesnetwork.org\/es\/declaracion-de-accesibilidad\/#primaryimage\"},\"image\":{\"@id\":\"https:\/\/www.christmascitiesnetwork.org\/es\/declaracion-de-accesibilidad\/#primaryimage\"},\"thumbnailUrl\":\"https:\/\/www.christmascitiesnetwork.org\/wp-content\/uploads\/2024\/03\/v-cabecera-quienes-somos.jpg\",\"datePublished\":\"2024-04-10T06:28:18+00:00\",\"dateModified\":\"2024-07-09T11:02:34+00:00\",\"breadcrumb\":{\"@id\":\"https:\/\/www.christmascitiesnetwork.org\/es\/declaracion-de-accesibilidad\/#breadcrumb\"},\"inLanguage\":\"es\",\"potentialAction\":[{\"@type\":\"ReadAction\",\"target\":[\"https:\/\/www.christmascitiesnetwork.org\/es\/declaracion-de-accesibilidad\/\"]}]},{\"@type\":\"ImageObject\",\"inLanguage\":\"es\",\"@id\":\"https:\/\/www.christmascitiesnetwork.org\/es\/declaracion-de-accesibilidad\/#primaryimage\",\"url\":\"https:\/\/www.christmascitiesnetwork.org\/wp-content\/uploads\/2024\/03\/v-cabecera-quienes-somos.jpg\",\"contentUrl\":\"https:\/\/www.christmascitiesnetwork.org\/wp-content\/uploads\/2024\/03\/v-cabecera-quienes-somos.jpg\",\"width\":1920,\"height\":600},{\"@type\":\"BreadcrumbList\",\"@id\":\"https:\/\/www.christmascitiesnetwork.org\/es\/declaracion-de-accesibilidad\/#breadcrumb\",\"itemListElement\":[{\"@type\":\"ListItem\",\"position\":1,\"name\":\"Home\",\"item\":\"https:\/\/www.christmascitiesnetwork.org\/es\/\"},{\"@type\":\"ListItem\",\"position\":2,\"name\":\"Declaraci\u00f3n de accesibilidad\"}]},{\"@type\":\"WebSite\",\"@id\":\"https:\/\/www.christmascitiesnetwork.org\/es\/#website\",\"url\":\"https:\/\/www.christmascitiesnetwork.org\/es\/\",\"name\":\"VB International Legal Consultants\",\"description\":\"\",\"potentialAction\":[{\"@type\":\"SearchAction\",\"target\":{\"@type\":\"EntryPoint\",\"urlTemplate\":\"https:\/\/www.christmascitiesnetwork.org\/es\/?s={search_term_string}\"},\"query-input\":\"required name=search_term_string\"}],\"inLanguage\":\"es\"}]}<\/script>\n<!-- \/ Yoast SEO plugin. -->","yoast_head_json":{"title":"Declaraci\u00f3n de accesibilidad -","robots":{"index":"index","follow":"follow","max-snippet":"max-snippet:-1","max-image-preview":"max-image-preview:large","max-video-preview":"max-video-preview:-1"},"canonical":"https:\/\/www.christmascitiesnetwork.org\/es\/declaracion-de-accesibilidad\/","og_locale":"es_ES","og_type":"article","og_title":"Declaraci\u00f3n de accesibilidad -","og_description":"Vbilc.com se ha comprometido a hacer accesible su sitio web, de conformidad con el Real decreto 1112\/2018, de 7 de septiembre, sobre accesibilidad de los sitios web y aplicaciones para dispositivos m\u00f3viles del sector p\u00fablico (en adelante, Real decreto 1112\/2018, de 7 de septiembre). Esta declaraci\u00f3n de accesibilidad se aplica...","og_url":"https:\/\/www.christmascitiesnetwork.org\/es\/declaracion-de-accesibilidad\/","article_publisher":"https:\/\/www.facebook.com\/vbilclegal","article_modified_time":"2024-07-09T11:02:34+00:00","og_image":[{"width":1920,"height":600,"url":"https:\/\/www.christmascitiesnetwork.org\/wp-content\/uploads\/2024\/03\/v-cabecera-quienes-somos.jpg","type":"image\/jpeg"}],"twitter_card":"summary_large_image","twitter_site":"@vbilclegal","twitter_misc":{"Tiempo de lectura":"3 minutos"},"schema":{"@context":"https:\/\/schema.org","@graph":[{"@type":"WebPage","@id":"https:\/\/www.christmascitiesnetwork.org\/es\/declaracion-de-accesibilidad\/","url":"https:\/\/www.christmascitiesnetwork.org\/es\/declaracion-de-accesibilidad\/","name":"Declaraci\u00f3n de accesibilidad -","isPartOf":{"@id":"https:\/\/www.christmascitiesnetwork.org\/es\/#website"},"primaryImageOfPage":{"@id":"https:\/\/www.christmascitiesnetwork.org\/es\/declaracion-de-accesibilidad\/#primaryimage"},"image":{"@id":"https:\/\/www.christmascitiesnetwork.org\/es\/declaracion-de-accesibilidad\/#primaryimage"},"thumbnailUrl":"https:\/\/www.christmascitiesnetwork.org\/wp-content\/uploads\/2024\/03\/v-cabecera-quienes-somos.jpg","datePublished":"2024-04-10T06:28:18+00:00","dateModified":"2024-07-09T11:02:34+00:00","breadcrumb":{"@id":"https:\/\/www.christmascitiesnetwork.org\/es\/declaracion-de-accesibilidad\/#breadcrumb"},"inLanguage":"es","potentialAction":[{"@type":"ReadAction","target":["https:\/\/www.christmascitiesnetwork.org\/es\/declaracion-de-accesibilidad\/"]}]},{"@type":"ImageObject","inLanguage":"es","@id":"https:\/\/www.christmascitiesnetwork.org\/es\/declaracion-de-accesibilidad\/#primaryimage","url":"https:\/\/www.christmascitiesnetwork.org\/wp-content\/uploads\/2024\/03\/v-cabecera-quienes-somos.jpg","contentUrl":"https:\/\/www.christmascitiesnetwork.org\/wp-content\/uploads\/2024\/03\/v-cabecera-quienes-somos.jpg","width":1920,"height":600},{"@type":"BreadcrumbList","@id":"https:\/\/www.christmascitiesnetwork.org\/es\/declaracion-de-accesibilidad\/#breadcrumb","itemListElement":[{"@type":"ListItem","position":1,"name":"Home","item":"https:\/\/www.christmascitiesnetwork.org\/es\/"},{"@type":"ListItem","position":2,"name":"Declaraci\u00f3n de accesibilidad"}]},{"@type":"WebSite","@id":"https:\/\/www.christmascitiesnetwork.org\/es\/#website","url":"https:\/\/www.christmascitiesnetwork.org\/es\/","name":"VB International Legal Consultants","description":"","potentialAction":[{"@type":"SearchAction","target":{"@type":"EntryPoint","urlTemplate":"https:\/\/www.christmascitiesnetwork.org\/es\/?s={search_term_string}"},"query-input":"required name=search_term_string"}],"inLanguage":"es"}]}},"_links":{"self":[{"href":"https:\/\/www.christmascitiesnetwork.org\/es\/wp-json\/wp\/v2\/pages\/3544"}],"collection":[{"href":"https:\/\/www.christmascitiesnetwork.org\/es\/wp-json\/wp\/v2\/pages"}],"about":[{"href":"https:\/\/www.christmascitiesnetwork.org\/es\/wp-json\/wp\/v2\/types\/page"}],"author":[{"embeddable":true,"href":"https:\/\/www.christmascitiesnetwork.org\/es\/wp-json\/wp\/v2\/users\/1"}],"replies":[{"embeddable":true,"href":"https:\/\/www.christmascitiesnetwork.org\/es\/wp-json\/wp\/v2\/comments?post=3544"}],"version-history":[{"count":2,"href":"https:\/\/www.christmascitiesnetwork.org\/es\/wp-json\/wp\/v2\/pages\/3544\/revisions"}],"predecessor-version":[{"id":3546,"href":"https:\/\/www.christmascitiesnetwork.org\/es\/wp-json\/wp\/v2\/pages\/3544\/revisions\/3546"}],"wp:featuredmedia":[{"embeddable":true,"href":"https:\/\/www.christmascitiesnetwork.org\/es\/wp-json\/wp\/v2\/media\/2894"}],"wp:attachment":[{"href":"https:\/\/www.christmascitiesnetwork.org\/es\/wp-json\/wp\/v2\/media?parent=3544"}],"curies":[{"name":"wp","href":"https:\/\/api.w.org\/{rel}","templated":true}]}}